{"id":44,"date":"2025-07-28T13:24:58","date_gmt":"2025-07-28T13:24:58","guid":{"rendered":"https:\/\/colegiofreinet.edu.co\/freinet\/?page_id=44"},"modified":"2025-08-11T15:35:05","modified_gmt":"2025-08-11T15:35:05","slug":"formacion-del-ser","status":"publish","type":"page","link":"https:\/\/colegiofreinet.edu.co\/freinet\/formacion-del-ser\/","title":{"rendered":"Formaci\u00f3n del Ser"},"content":{"rendered":"\t\t<div data-elementor-type=\"wp-page\" data-elementor-id=\"44\" class=\"elementor elementor-44\" data-elementor-post-type=\"page\">\n\t\t\t\t<div class=\"elementor-element elementor-element-20d35e0 e-con-full e-flex elementor-invisible e-con e-parent\" data-id=\"20d35e0\" data-element_type=\"container\" data-settings=\"{&quot;background_background&quot;:&quot;slideshow&quot;,&quot;background_slideshow_gallery&quot;:[{&quot;id&quot;:533,&quot;url&quot;:&quot;https:\\\/\\\/colegiofreinet.edu.co\\\/freinet\\\/wp-content\\\/uploads\\\/2025\\\/07\\\/freinet-banner-ok-listo_Mesa-de-trabajo-1-copia-3.png&quot;}],&quot;animation&quot;:&quot;fadeInDown&quot;,&quot;background_slideshow_loop&quot;:&quot;yes&quot;,&quot;background_slideshow_slide_duration&quot;:5000,&quot;background_slideshow_slide_transition&quot;:&quot;fade&quot;,&quot;background_slideshow_transition_duration&quot;:500}\">\n\t\t\t\t<div class=\"elementor-element elementor-element-ac8ad22 elementor-widget elementor-widget-heading\" data-id=\"ac8ad22\" data-element_type=\"widget\" data-widget_type=\"heading.default\">\n\t\t\t\t\t<h2 class=\"elementor-heading-title elementor-size-default\">Estudiantes con sentido de humanidad\n\n<\/h2>\t\t\t\t<\/div>\n\t\t\t\t<\/div>\n\t\t<div class=\"elementor-element elementor-element-d96ab46 e-con-full e-flex elementor-invisible e-con e-parent\" data-id=\"d96ab46\" data-element_type=\"container\" data-settings=\"{&quot;background_background&quot;:&quot;slideshow&quot;,&quot;background_slideshow_gallery&quot;:[{&quot;id&quot;:287,&quot;url&quot;:&quot;https:\\\/\\\/colegiofreinet.edu.co\\\/freinet\\\/wp-content\\\/uploads\\\/2025\\\/07\\\/fondo-ottro_Mesa-de-trabajo-1-copia-2.png&quot;}],&quot;animation&quot;:&quot;fadeInLeft&quot;,&quot;background_slideshow_loop&quot;:&quot;yes&quot;,&quot;background_slideshow_slide_duration&quot;:5000,&quot;background_slideshow_slide_transition&quot;:&quot;fade&quot;,&quot;background_slideshow_transition_duration&quot;:500}\">\n\t\t<div class=\"elementor-element elementor-element-7fbc261 e-con-full e-flex e-con e-child\" data-id=\"7fbc261\" data-element_type=\"container\">\n\t\t\t\t<div class=\"elementor-element elementor-element-8f14765 elementor-widget elementor-widget-text-editor\" data-id=\"8f14765\" data-element_type=\"widget\" data-widget_type=\"text-editor.default\">\n\t\t\t\t\t\t\t\t\t<p data-start=\"150\" data-end=\"343\">Para el Colegio es fundamental formar estudiantes en lo afectivo, tanto individual como social, que armonicen con nuevas estructuras, con alto sentido de responsabilidad, capaces de interactuar y respetar ideas, comprometidos con el entorno y su pa\u00eds, con valores individuales, familiares, sociales y con capacidad de amar y so\u00f1ar. A trav\u00e9s de nuestro departamento psicosocial se logra una armon\u00eda en la convivencia, el individuo y el ambiente escolar, contando con la constante participaci\u00f3n de las familias.<\/p>\t\t\t\t\t\t\t\t<\/div>\n\t\t\t\t<\/div>\n\t\t<div class=\"elementor-element elementor-element-a646c9e e-con-full e-flex e-con e-child\" data-id=\"a646c9e\" data-element_type=\"container\">\n\t\t\t\t<div class=\"elementor-element elementor-element-9311297 elementor-widget elementor-widget-image\" data-id=\"9311297\" data-element_type=\"widget\" data-widget_type=\"image.default\">\n\t\t\t\t\t\t\t\t\t\t\t\t\t\t\t<img fetchpriority=\"high\" decoding=\"async\" width=\"1024\" height=\"652\" src=\"https:\/\/colegiofreinet.edu.co\/freinet\/wp-content\/uploads\/2025\/07\/banner-freinet-paginas-17-1024x652.png\" class=\"attachment-large size-large wp-image-541\" alt=\"\" srcset=\"https:\/\/colegiofreinet.edu.co\/freinet\/wp-content\/uploads\/2025\/07\/banner-freinet-paginas-17-1024x652.png 1024w, https:\/\/colegiofreinet.edu.co\/freinet\/wp-content\/uploads\/2025\/07\/banner-freinet-paginas-17-300x191.png 300w, https:\/\/colegiofreinet.edu.co\/freinet\/wp-content\/uploads\/2025\/07\/banner-freinet-paginas-17-768x489.png 768w, https:\/\/colegiofreinet.edu.co\/freinet\/wp-content\/uploads\/2025\/07\/banner-freinet-paginas-17-1536x977.png 1536w, https:\/\/colegiofreinet.edu.co\/freinet\/wp-content\/uploads\/2025\/07\/banner-freinet-paginas-17-2048x1303.png 2048w\" sizes=\"(max-width: 1024px) 100vw, 1024px\" \/>\t\t\t\t\t\t\t\t\t\t\t\t\t\t\t<\/div>\n\t\t\t\t<\/div>\n\t\t\t\t<\/div>\n\t\t<div class=\"elementor-element elementor-element-3a15240 e-flex e-con-boxed e-con e-parent\" data-id=\"3a15240\" data-element_type=\"container\">\n\t\t\t\t\t<div class=\"e-con-inner\">\n\t\t\t\t<div class=\"elementor-element elementor-element-7d32593 elementor-shape-circle elementor-grid-1 elementor-fixed e-transform e-grid-align-center elementor-invisible elementor-widget elementor-widget-social-icons\" data-id=\"7d32593\" data-element_type=\"widget\" data-settings=\"{&quot;_position&quot;:&quot;fixed&quot;,&quot;_transform_scale_effect&quot;:{&quot;unit&quot;:&quot;px&quot;,&quot;size&quot;:0.9,&quot;sizes&quot;:[]},&quot;_animation&quot;:&quot;tada&quot;,&quot;_transform_scale_effect_tablet&quot;:{&quot;unit&quot;:&quot;px&quot;,&quot;size&quot;:&quot;&quot;,&quot;sizes&quot;:[]},&quot;_transform_scale_effect_mobile&quot;:{&quot;unit&quot;:&quot;px&quot;,&quot;size&quot;:&quot;&quot;,&quot;sizes&quot;:[]}}\" data-widget_type=\"social-icons.default\">\n\t\t\t\t\t\t\t<div class=\"elementor-social-icons-wrapper elementor-grid\" role=\"list\">\n\t\t\t\t\t\t\t<span class=\"elementor-grid-item\" role=\"listitem\">\n\t\t\t\t\t<a class=\"elementor-icon elementor-social-icon elementor-social-icon-whatsapp elementor-animation-pulse-grow elementor-repeater-item-bdf2841\" href=\"https:\/\/wa.link\/ij23c4\" target=\"_blank\">\n\t\t\t\t\t\t<span class=\"elementor-screen-only\">Whatsapp<\/span>\n\t\t\t\t\t\t<svg class=\"e-font-icon-svg e-fab-whatsapp\" viewBox=\"0 0 448 512\" xmlns=\"http:\/\/www.w3.org\/2000\/svg\"><path d=\"M380.9 97.1C339 55.1 283.2 32 223.9 32c-122.4 0-222 99.6-222 222 0 39.1 10.2 77.3 29.6 111L0 480l117.7-30.9c32.4 17.7 68.9 27 106.1 27h.1c122.3 0 224.1-99.6 224.1-222 0-59.3-25.2-115-67.1-157zm-157 341.6c-33.2 0-65.7-8.9-94-25.7l-6.7-4-69.8 18.3L72 359.2l-4.4-7c-18.5-29.4-28.2-63.3-28.2-98.2 0-101.7 82.8-184.5 184.6-184.5 49.3 0 95.6 19.2 130.4 54.1 34.8 34.9 56.2 81.2 56.1 130.5 0 101.8-84.9 184.6-186.6 184.6zm101.2-138.2c-5.5-2.8-32.8-16.2-37.9-18-5.1-1.9-8.8-2.8-12.5 2.8-3.7 5.6-14.3 18-17.6 21.8-3.2 3.7-6.5 4.2-12 1.4-32.6-16.3-54-29.1-75.5-66-5.7-9.8 5.7-9.1 16.3-30.3 1.8-3.7.9-6.9-.5-9.7-1.4-2.8-12.5-30.1-17.1-41.2-4.5-10.8-9.1-9.3-12.5-9.5-3.2-.2-6.9-.2-10.6-.2-3.7 0-9.7 1.4-14.8 6.9-5.1 5.6-19.4 19-19.4 46.3 0 27.3 19.9 53.7 22.6 57.4 2.8 3.7 39.1 59.7 94.8 83.8 35.2 15.2 49 16.5 66.6 13.9 10.7-1.6 32.8-13.4 37.4-26.4 4.6-13 4.6-24.1 3.2-26.4-1.3-2.5-5-3.9-10.5-6.6z\"><\/path><\/svg>\t\t\t\t\t<\/a>\n\t\t\t\t<\/span>\n\t\t\t\t\t\t\t<span class=\"elementor-grid-item\" role=\"listitem\">\n\t\t\t\t\t<a class=\"elementor-icon elementor-social-icon elementor-social-icon-instagram elementor-animation-pulse-grow elementor-repeater-item-d12d6c8\" href=\"https:\/\/www.instagram.com\/freinetcali\" target=\"_blank\">\n\t\t\t\t\t\t<span class=\"elementor-screen-only\">Instagram<\/span>\n\t\t\t\t\t\t<svg class=\"e-font-icon-svg e-fab-instagram\" viewBox=\"0 0 448 512\" xmlns=\"http:\/\/www.w3.org\/2000\/svg\"><path d=\"M224.1 141c-63.6 0-114.9 51.3-114.9 114.9s51.3 114.9 114.9 114.9S339 319.5 339 255.9 287.7 141 224.1 141zm0 189.6c-41.1 0-74.7-33.5-74.7-74.7s33.5-74.7 74.7-74.7 74.7 33.5 74.7 74.7-33.6 74.7-74.7 74.7zm146.4-194.3c0 14.9-12 26.8-26.8 26.8-14.9 0-26.8-12-26.8-26.8s12-26.8 26.8-26.8 26.8 12 26.8 26.8zm76.1 27.2c-1.7-35.9-9.9-67.7-36.2-93.9-26.2-26.2-58-34.4-93.9-36.2-37-2.1-147.9-2.1-184.9 0-35.8 1.7-67.6 9.9-93.9 36.1s-34.4 58-36.2 93.9c-2.1 37-2.1 147.9 0 184.9 1.7 35.9 9.9 67.7 36.2 93.9s58 34.4 93.9 36.2c37 2.1 147.9 2.1 184.9 0 35.9-1.7 67.7-9.9 93.9-36.2 26.2-26.2 34.4-58 36.2-93.9 2.1-37 2.1-147.8 0-184.8zM398.8 388c-7.8 19.6-22.9 34.7-42.6 42.6-29.5 11.7-99.5 9-132.1 9s-102.7 2.6-132.1-9c-19.6-7.8-34.7-22.9-42.6-42.6-11.7-29.5-9-99.5-9-132.1s-2.6-102.7 9-132.1c7.8-19.6 22.9-34.7 42.6-42.6 29.5-11.7 99.5-9 132.1-9s102.7-2.6 132.1 9c19.6 7.8 34.7 22.9 42.6 42.6 11.7 29.5 9 99.5 9 132.1s2.7 102.7-9 132.1z\"><\/path><\/svg>\t\t\t\t\t<\/a>\n\t\t\t\t<\/span>\n\t\t\t\t\t\t\t<span class=\"elementor-grid-item\" role=\"listitem\">\n\t\t\t\t\t<a class=\"elementor-icon elementor-social-icon elementor-social-icon-facebook elementor-animation-pulse-grow elementor-repeater-item-24f72fe\" href=\"https:\/\/www.facebook.com\/freinetcali\/\" target=\"_blank\">\n\t\t\t\t\t\t<span class=\"elementor-screen-only\">Facebook<\/span>\n\t\t\t\t\t\t<svg class=\"e-font-icon-svg e-fab-facebook\" viewBox=\"0 0 512 512\" xmlns=\"http:\/\/www.w3.org\/2000\/svg\"><path d=\"M504 256C504 119 393 8 256 8S8 119 8 256c0 123.78 90.69 226.38 209.25 245V327.69h-63V256h63v-54.64c0-62.15 37-96.48 93.67-96.48 27.14 0 55.52 4.84 55.52 4.84v61h-31.28c-30.8 0-40.41 19.12-40.41 38.73V256h68.78l-11 71.69h-57.78V501C413.31 482.38 504 379.78 504 256z\"><\/path><\/svg>\t\t\t\t\t<\/a>\n\t\t\t\t<\/span>\n\t\t\t\t\t\t\t<span class=\"elementor-grid-item\" role=\"listitem\">\n\t\t\t\t\t<a class=\"elementor-icon elementor-social-icon elementor-social-icon-youtube elementor-animation-pulse-grow elementor-repeater-item-f330e4c\" href=\"https:\/\/www.youtube.com\/@FREINETCALI\" target=\"_blank\">\n\t\t\t\t\t\t<span class=\"elementor-screen-only\">Youtube<\/span>\n\t\t\t\t\t\t<svg class=\"e-font-icon-svg e-fab-youtube\" viewBox=\"0 0 576 512\" xmlns=\"http:\/\/www.w3.org\/2000\/svg\"><path d=\"M549.655 124.083c-6.281-23.65-24.787-42.276-48.284-48.597C458.781 64 288 64 288 64S117.22 64 74.629 75.486c-23.497 6.322-42.003 24.947-48.284 48.597-11.412 42.867-11.412 132.305-11.412 132.305s0 89.438 11.412 132.305c6.281 23.65 24.787 41.5 48.284 47.821C117.22 448 288 448 288 448s170.78 0 213.371-11.486c23.497-6.321 42.003-24.171 48.284-47.821 11.412-42.867 11.412-132.305 11.412-132.305s0-89.438-11.412-132.305zm-317.51 213.508V175.185l142.739 81.205-142.739 81.201z\"><\/path><\/svg>\t\t\t\t\t<\/a>\n\t\t\t\t<\/span>\n\t\t\t\t\t<\/div>\n\t\t\t\t\t\t<\/div>\n\t\t\t\t\t<\/div>\n\t\t\t\t<\/div>\n\t\t\t\t<\/div>\n\t\t","protected":false},"excerpt":{"rendered":"<p>Estudiantes con sentido de humanidad Para el Colegio es fundamental formar estudiantes en lo afectivo, tanto individual como social, que [&hellip;]<\/p>\n","protected":false},"author":1,"featured_media":0,"parent":0,"menu_order":0,"comment_status":"closed","ping_status":"closed","template":"","meta":{"site-sidebar-layout":"no-sidebar","site-content-layout":"","ast-site-content-layout":"full-width-container","site-content-style":"default","site-sidebar-style":"default","ast-global-header-display":"","ast-banner-title-visibility":"","ast-main-header-display":"","ast-hfb-above-header-display":"","ast-hfb-below-header-display":"","ast-hfb-mobile-header-display":"","site-post-title":"disabled","ast-breadcrumbs-content":"","ast-featured-img":"disabled","footer-sml-layout":"","theme-transparent-header-meta":"","adv-header-id-meta":"","stick-header-meta":"","header-above-stick-meta":"","header-main-stick-meta":"","header-below-stick-meta":"","astra-migrate-meta-layouts":"default","ast-page-background-enabled":"default","ast-page-background-meta":{"desktop":{"background-color":"var(--ast-global-color-5)","background-image":"","background-repeat":"repeat","background-position":"center center","background-size":"auto","background-attachment":"scroll","background-type":"","background-media":"","overlay-type":"","overlay-color":"","overlay-opacity":"","overlay-gradient":""},"tablet":{"background-color":"","background-image":"","background-repeat":"repeat","background-position":"center center","background-size":"auto","background-attachment":"scroll","background-type":"","background-media":"","overlay-type":"","overlay-color":"","overlay-opacity":"","overlay-gradient":""},"mobile":{"background-color":"","background-image":"","background-repeat":"repeat","background-position":"center center","background-size":"auto","background-attachment":"scroll","background-type":"","background-media":"","overlay-type":"","overlay-color":"","overlay-opacity":"","overlay-gradient":""}},"ast-content-background-meta":{"desktop":{"background-color":"var(--ast-global-color-4)","background-image":"","background-repeat":"repeat","background-position":"center center","background-size":"auto","background-attachment":"scroll","background-type":"","background-media":"","overlay-type":"","overlay-color":"","overlay-opacity":"","overlay-gradient":""},"tablet":{"background-color":"var(--ast-global-color-4)","background-image":"","background-repeat":"repeat","background-position":"center center","background-size":"auto","background-attachment":"scroll","background-type":"","background-media":"","overlay-type":"","overlay-color":"","overlay-opacity":"","overlay-gradient":""},"mobile":{"background-color":"var(--ast-global-color-4)","background-image":"","background-repeat":"repeat","background-position":"center center","background-size":"auto","background-attachment":"scroll","background-type":"","background-media":"","overlay-type":"","overlay-color":"","overlay-opacity":"","overlay-gradient":""}},"footnotes":""},"class_list":["post-44","page","type-page","status-publish","hentry"],"yoast_head":"<!-- This site is optimized with the Yoast SEO plugin v25.6 - https:\/\/yoast.com\/wordpress\/plugins\/seo\/ -->\n<title>Formaci\u00f3n del Ser -<\/title>\n<meta name=\"robots\" content=\"index, follow, max-snippet:-1, max-image-preview:large, max-video-preview:-1\" \/>\n<link rel=\"canonical\" href=\"https:\/\/colegiofreinet.edu.co\/freinet\/formacion-del-ser\/\" \/>\n<meta property=\"og:locale\" content=\"es_ES\" \/>\n<meta property=\"og:type\" content=\"article\" \/>\n<meta property=\"og:title\" content=\"Formaci\u00f3n del Ser -\" \/>\n<meta property=\"og:description\" content=\"Estudiantes con sentido de humanidad Para el Colegio es fundamental formar estudiantes en lo afectivo, tanto individual como social, que [&hellip;]\" \/>\n<meta property=\"og:url\" content=\"https:\/\/colegiofreinet.edu.co\/freinet\/formacion-del-ser\/\" \/>\n<meta property=\"article:modified_time\" content=\"2025-08-11T15:35:05+00:00\" \/>\n<meta property=\"og:image\" content=\"https:\/\/colegiofreinet.edu.co\/freinet\/wp-content\/uploads\/2025\/07\/banner-freinet-paginas-17-1024x652.png\" \/>\n<meta name=\"twitter:card\" content=\"summary_large_image\" \/>\n<script type=\"application\/ld+json\" class=\"yoast-schema-graph\">{\"@context\":\"https:\/\/schema.org\",\"@graph\":[{\"@type\":\"WebPage\",\"@id\":\"https:\/\/colegiofreinet.edu.co\/freinet\/formacion-del-ser\/\",\"url\":\"https:\/\/colegiofreinet.edu.co\/freinet\/formacion-del-ser\/\",\"name\":\"Formaci\u00f3n del Ser -\",\"isPartOf\":{\"@id\":\"https:\/\/colegiofreinet.edu.co\/freinet\/#website\"},\"primaryImageOfPage\":{\"@id\":\"https:\/\/colegiofreinet.edu.co\/freinet\/formacion-del-ser\/#primaryimage\"},\"image\":{\"@id\":\"https:\/\/colegiofreinet.edu.co\/freinet\/formacion-del-ser\/#primaryimage\"},\"thumbnailUrl\":\"https:\/\/colegiofreinet.edu.co\/freinet\/wp-content\/uploads\/2025\/07\/banner-freinet-paginas-17-1024x652.png\",\"datePublished\":\"2025-07-28T13:24:58+00:00\",\"dateModified\":\"2025-08-11T15:35:05+00:00\",\"breadcrumb\":{\"@id\":\"https:\/\/colegiofreinet.edu.co\/freinet\/formacion-del-ser\/#breadcrumb\"},\"inLanguage\":\"es\",\"potentialAction\":[{\"@type\":\"ReadAction\",\"target\":[\"https:\/\/colegiofreinet.edu.co\/freinet\/formacion-del-ser\/\"]}]},{\"@type\":\"ImageObject\",\"inLanguage\":\"es\",\"@id\":\"https:\/\/colegiofreinet.edu.co\/freinet\/formacion-del-ser\/#primaryimage\",\"url\":\"https:\/\/colegiofreinet.edu.co\/freinet\/wp-content\/uploads\/2025\/07\/banner-freinet-paginas-17-scaled.png\",\"contentUrl\":\"https:\/\/colegiofreinet.edu.co\/freinet\/wp-content\/uploads\/2025\/07\/banner-freinet-paginas-17-scaled.png\",\"width\":2560,\"height\":1629},{\"@type\":\"BreadcrumbList\",\"@id\":\"https:\/\/colegiofreinet.edu.co\/freinet\/formacion-del-ser\/#breadcrumb\",\"itemListElement\":[{\"@type\":\"ListItem\",\"position\":1,\"name\":\"Portada\",\"item\":\"https:\/\/colegiofreinet.edu.co\/freinet\/\"},{\"@type\":\"ListItem\",\"position\":2,\"name\":\"Formaci\u00f3n del Ser\"}]},{\"@type\":\"WebSite\",\"@id\":\"https:\/\/colegiofreinet.edu.co\/freinet\/#website\",\"url\":\"https:\/\/colegiofreinet.edu.co\/freinet\/\",\"name\":\"\",\"description\":\"Colegio Freinet\",\"potentialAction\":[{\"@type\":\"SearchAction\",\"target\":{\"@type\":\"EntryPoint\",\"urlTemplate\":\"https:\/\/colegiofreinet.edu.co\/freinet\/?s={search_term_string}\"},\"query-input\":{\"@type\":\"PropertyValueSpecification\",\"valueRequired\":true,\"valueName\":\"search_term_string\"}}],\"inLanguage\":\"es\"}]}<\/script>\n<!-- \/ Yoast SEO plugin. -->","yoast_head_json":{"title":"Formaci\u00f3n del Ser -","robots":{"index":"index","follow":"follow","max-snippet":"max-snippet:-1","max-image-preview":"max-image-preview:large","max-video-preview":"max-video-preview:-1"},"canonical":"https:\/\/colegiofreinet.edu.co\/freinet\/formacion-del-ser\/","og_locale":"es_ES","og_type":"article","og_title":"Formaci\u00f3n del Ser -","og_description":"Estudiantes con sentido de humanidad Para el Colegio es fundamental formar estudiantes en lo afectivo, tanto individual como social, que [&hellip;]","og_url":"https:\/\/colegiofreinet.edu.co\/freinet\/formacion-del-ser\/","article_modified_time":"2025-08-11T15:35:05+00:00","og_image":[{"url":"https:\/\/colegiofreinet.edu.co\/freinet\/wp-content\/uploads\/2025\/07\/banner-freinet-paginas-17-1024x652.png","type":"","width":"","height":""}],"twitter_card":"summary_large_image","schema":{"@context":"https:\/\/schema.org","@graph":[{"@type":"WebPage","@id":"https:\/\/colegiofreinet.edu.co\/freinet\/formacion-del-ser\/","url":"https:\/\/colegiofreinet.edu.co\/freinet\/formacion-del-ser\/","name":"Formaci\u00f3n del Ser -","isPartOf":{"@id":"https:\/\/colegiofreinet.edu.co\/freinet\/#website"},"primaryImageOfPage":{"@id":"https:\/\/colegiofreinet.edu.co\/freinet\/formacion-del-ser\/#primaryimage"},"image":{"@id":"https:\/\/colegiofreinet.edu.co\/freinet\/formacion-del-ser\/#primaryimage"},"thumbnailUrl":"https:\/\/colegiofreinet.edu.co\/freinet\/wp-content\/uploads\/2025\/07\/banner-freinet-paginas-17-1024x652.png","datePublished":"2025-07-28T13:24:58+00:00","dateModified":"2025-08-11T15:35:05+00:00","breadcrumb":{"@id":"https:\/\/colegiofreinet.edu.co\/freinet\/formacion-del-ser\/#breadcrumb"},"inLanguage":"es","potentialAction":[{"@type":"ReadAction","target":["https:\/\/colegiofreinet.edu.co\/freinet\/formacion-del-ser\/"]}]},{"@type":"ImageObject","inLanguage":"es","@id":"https:\/\/colegiofreinet.edu.co\/freinet\/formacion-del-ser\/#primaryimage","url":"https:\/\/colegiofreinet.edu.co\/freinet\/wp-content\/uploads\/2025\/07\/banner-freinet-paginas-17-scaled.png","contentUrl":"https:\/\/colegiofreinet.edu.co\/freinet\/wp-content\/uploads\/2025\/07\/banner-freinet-paginas-17-scaled.png","width":2560,"height":1629},{"@type":"BreadcrumbList","@id":"https:\/\/colegiofreinet.edu.co\/freinet\/formacion-del-ser\/#breadcrumb","itemListElement":[{"@type":"ListItem","position":1,"name":"Portada","item":"https:\/\/colegiofreinet.edu.co\/freinet\/"},{"@type":"ListItem","position":2,"name":"Formaci\u00f3n del Ser"}]},{"@type":"WebSite","@id":"https:\/\/colegiofreinet.edu.co\/freinet\/#website","url":"https:\/\/colegiofreinet.edu.co\/freinet\/","name":"","description":"Colegio Freinet","potentialAction":[{"@type":"SearchAction","target":{"@type":"EntryPoint","urlTemplate":"https:\/\/colegiofreinet.edu.co\/freinet\/?s={search_term_string}"},"query-input":{"@type":"PropertyValueSpecification","valueRequired":true,"valueName":"search_term_string"}}],"inLanguage":"es"}]}},"_links":{"self":[{"href":"https:\/\/colegiofreinet.edu.co\/freinet\/wp-json\/wp\/v2\/pages\/44","targetHints":{"allow":["GET"]}}],"collection":[{"href":"https:\/\/colegiofreinet.edu.co\/freinet\/wp-json\/wp\/v2\/pages"}],"about":[{"href":"https:\/\/colegiofreinet.edu.co\/freinet\/wp-json\/wp\/v2\/types\/page"}],"author":[{"embeddable":true,"href":"https:\/\/colegiofreinet.edu.co\/freinet\/wp-json\/wp\/v2\/users\/1"}],"replies":[{"embeddable":true,"href":"https:\/\/colegiofreinet.edu.co\/freinet\/wp-json\/wp\/v2\/comments?post=44"}],"version-history":[{"count":14,"href":"https:\/\/colegiofreinet.edu.co\/freinet\/wp-json\/wp\/v2\/pages\/44\/revisions"}],"predecessor-version":[{"id":951,"href":"https:\/\/colegiofreinet.edu.co\/freinet\/wp-json\/wp\/v2\/pages\/44\/revisions\/951"}],"wp:attachment":[{"href":"https:\/\/colegiofreinet.edu.co\/freinet\/wp-json\/wp\/v2\/media?parent=44"}],"curies":[{"name":"wp","href":"https:\/\/api.w.org\/{rel}","templated":true}]}}